{"id":10,"date":"2019-09-03T09:15:50","date_gmt":"2019-09-03T09:15:50","guid":{"rendered":"http:\/\/nlp.pef.mendelu.cz\/?page_id=10"},"modified":"2022-07-29T16:21:15","modified_gmt":"2022-07-29T16:21:15","slug":"kontakt","status":"publish","type":"page","link":"https:\/\/nlp.pef.mendelu.cz\/index.php\/kontakt\/","title":{"rendered":"Kontakt"},"content":{"rendered":"\n<div class=\"wp-block-columns is-layout-flex wp-container-core-columns-is-layout-2 wp-block-columns-is-layout-flex\">\n<div class=\"wp-block-column is-layout-flow wp-block-column-is-layout-flow\" style=\"flex-basis:20%\"><\/div>\n\n\n\n<div class=\"wp-block-column is-layout-flow wp-block-column-is-layout-flow\" style=\"flex-basis:80%\">\n<div class=\"wp-block-columns is-layout-flex wp-container-core-columns-is-layout-1 wp-block-columns-is-layout-flex\">\n<div class=\"wp-block-column is-vertically-aligned-top is-layout-flow wp-block-column-is-layout-flow\" style=\"flex-basis:30%\">\n<div class=\"wp-block-image\"><figure class=\"aligncenter size-full\"><img loading=\"lazy\" decoding=\"async\" width=\"400\" height=\"400\" src=\"http:\/\/nlp.pef.mendelu.cz\/wp-content\/uploads\/2022\/07\/img-2.png\" alt=\"\" class=\"wp-image-567\" srcset=\"https:\/\/nlp.pef.mendelu.cz\/wp-content\/uploads\/2022\/07\/img-2.png 400w, https:\/\/nlp.pef.mendelu.cz\/wp-content\/uploads\/2022\/07\/img-2-300x300.png 300w, https:\/\/nlp.pef.mendelu.cz\/wp-content\/uploads\/2022\/07\/img-2-150x150.png 150w\" sizes=\"auto, (max-width: 400px) 100vw, 400px\" \/><\/figure><\/div>\n<\/div>\n\n\n\n<div class=\"wp-block-column is-vertically-aligned-center is-layout-flow wp-block-column-is-layout-flow\" style=\"flex-basis:39%\">\n<ul class=\"kontakt-list wp-block-list\"><li>Jan P\u0159ichystal <\/li><li>(jan.prichystal at mendelu.cz)<\/li><li>\u00dastav informatiky<\/li><li>Provozn\u011b ekonomick\u00e1 fakulta<\/li><li>Mendelova univerzita v Brn\u011b<\/li><li>Zem\u011bd\u011blsk\u00e1 1, Brno 613 00<\/li><\/ul>\n<\/div>\n\n\n\n<div class=\"wp-block-column is-vertically-aligned-center is-layout-flow wp-block-column-is-layout-flow\" style=\"flex-basis:30%\">\n<figure class=\"wp-block-image size-full is-resized\"><img loading=\"lazy\" decoding=\"async\" src=\"https:\/\/nlp.pef.mendelu.cz\/wp-content\/uploads\/2022\/06\/contact-us-1.png\" alt=\"\" class=\"wp-image-478\" width=\"334\" height=\"177\" srcset=\"https:\/\/nlp.pef.mendelu.cz\/wp-content\/uploads\/2022\/06\/contact-us-1.png 668w, https:\/\/nlp.pef.mendelu.cz\/wp-content\/uploads\/2022\/06\/contact-us-1-300x159.png 300w\" sizes=\"auto, (max-width: 334px) 100vw, 334px\" \/><\/figure>\n<\/div>\n<\/div>\n<\/div>\n\n\n\n<div class=\"wp-block-column is-layout-flow wp-block-column-is-layout-flow\" style=\"flex-basis:20%\"><\/div>\n<\/div>\n","protected":false},"excerpt":{"rendered":"<p>Jan P\u0159ichystal (jan.prichystal at mendelu.cz) \u00dastav informatiky Provozn\u011b ekonomick\u00e1 fakulta Mendelova univerzita v Brn\u011b Zem\u011bd\u011blsk\u00e1 1, Brno 613 00<\/p>\n","protected":false},"author":1,"featured_media":0,"parent":0,"menu_order":0,"comment_status":"closed","ping_status":"closed","template":"","meta":{"footnotes":""},"class_list":["post-10","page","type-page","status-publish","hentry"],"_links":{"self":[{"href":"https:\/\/nlp.pef.mendelu.cz\/index.php\/wp-json\/wp\/v2\/pages\/10","targetHints":{"allow":["GET"]}}],"collection":[{"href":"https:\/\/nlp.pef.mendelu.cz\/index.php\/wp-json\/wp\/v2\/pages"}],"about":[{"href":"https:\/\/nlp.pef.mendelu.cz\/index.php\/wp-json\/wp\/v2\/types\/page"}],"author":[{"embeddable":true,"href":"https:\/\/nlp.pef.mendelu.cz\/index.php\/wp-json\/wp\/v2\/users\/1"}],"replies":[{"embeddable":true,"href":"https:\/\/nlp.pef.mendelu.cz\/index.php\/wp-json\/wp\/v2\/comments?post=10"}],"version-history":[{"count":24,"href":"https:\/\/nlp.pef.mendelu.cz\/index.php\/wp-json\/wp\/v2\/pages\/10\/revisions"}],"predecessor-version":[{"id":582,"href":"https:\/\/nlp.pef.mendelu.cz\/index.php\/wp-json\/wp\/v2\/pages\/10\/revisions\/582"}],"wp:attachment":[{"href":"https:\/\/nlp.pef.mendelu.cz\/index.php\/wp-json\/wp\/v2\/media?parent=10"}],"curies":[{"name":"wp","href":"https:\/\/api.w.org\/{rel}","templated":true}]}}