{"id":361,"date":"2022-07-22T13:17:01","date_gmt":"2022-07-22T13:17:01","guid":{"rendered":"https:\/\/nlp.pef.mendelu.cz\/?page_id=361"},"modified":"2022-07-29T16:19:06","modified_gmt":"2022-07-29T16:19:06","slug":"o-nas","status":"publish","type":"page","link":"https:\/\/nlp.pef.mendelu.cz\/index.php\/o-nas\/","title":{"rendered":"O n\u00e1s"},"content":{"rendered":"\n<div class=\"wp-block-group\"><div class=\"wp-block-group__inner-container is-layout-flow wp-block-group-is-layout-flow\">\n<div class=\"wp-block-columns is-layout-flex wp-container-core-columns-is-layout-1 wp-block-columns-is-layout-flex\">\n<div class=\"wp-block-column is-layout-flow wp-block-column-is-layout-flow\" style=\"flex-basis:20%\"><\/div>\n\n\n\n<div class=\"wp-block-column is-layout-flow wp-block-column-is-layout-flow\" style=\"flex-basis:60%\">\n<div class=\"wp-block-group\"><div class=\"wp-block-group__inner-container is-layout-flow wp-block-group-is-layout-flow\">\n<p>Jsme pracovn\u00ed skupina v\u011bnuj\u00edc\u00ed se problematice zpracov\u00e1n\u00ed p\u0159irozen\u00e9ho jazyka. Zam\u011b\u0159ujeme se na s\u00e9mantick\u00e9 zpracov\u00e1n\u00ed elektronick\u00fdch textov\u00fdch dat vytvo\u0159en\u00fdch v p\u0159irozen\u00fdch jazyc\u00edch s c\u00edlem odhalit znalosti skryt\u00e9 v t\u011bchto datech. Pou\u017e\u00edv\u00e1me zejm\u00e9na metody strojov\u00e9ho u\u010den\u00ed. Vyv\u00edj\u00edme webov\u00e9 i mobiln\u00ed aplikace, kter\u00e9 vyu\u017e\u00edvaj\u00ed algoritmy texminingu, pro \u0159e\u0161en\u00ed probl\u00e9m\u016f b\u011b\u017en\u00fdch u\u017eivatel\u016f a z\u00e1kazn\u00edk\u016f. Na\u0161e \u0159e\u0161en\u00ed jsou vyu\u017e\u00edv\u00e1na i komer\u010dn\u00edmi spole\u010dnostmi.<\/p>\n\n\n\n<h4 class=\"wp-block-heading\" id=\"clenove\">\u010clenov\u00e9<\/h4>\n\n\n\n<p>\u010clenov\u00e9 t\u00fdmu jsou zejm\u00e9na v\u00fdzkumn\u00ed pracovn\u00edci a studenti Mendelovy univerzity v Brn\u011b.<\/p>\n<\/div><\/div>\n\n\n\n<div style=\"height:50px\" aria-hidden=\"true\" class=\"wp-block-spacer\"><\/div>\n<\/div>\n\n\n\n<div class=\"wp-block-column is-layout-flow wp-block-column-is-layout-flow\" style=\"flex-basis:20%\"><\/div>\n<\/div>\n\n\n\n<div class=\"wp-block-group\"><div class=\"wp-block-group__inner-container is-layout-flow wp-block-group-is-layout-flow\">\n<div class=\"wp-block-columns is-layout-flex wp-container-core-columns-is-layout-5 wp-block-columns-is-layout-flex\">\n<div class=\"wp-block-column is-layout-flow wp-block-column-is-layout-flow\" style=\"flex-basis:10%\"><\/div>\n\n\n\n<div class=\"wp-block-column is-layout-flow wp-block-column-is-layout-flow\" style=\"flex-basis:80%\">\n<div class=\"wp-block-group\"><div class=\"wp-block-group__inner-container is-layout-flow wp-block-group-is-layout-flow\">\n<div class=\"wp-block-columns mini-profile is-layout-flex wp-container-core-columns-is-layout-2 wp-block-columns-is-layout-flex\">\n<div class=\"wp-block-column is-layout-flow wp-block-column-is-layout-flow\">\n<div class=\"wp-block-image is-style-default\"><figure class=\"aligncenter size-full\"><img loading=\"lazy\" decoding=\"async\" width=\"400\" height=\"400\" src=\"http:\/\/nlp.pef.mendelu.cz\/wp-content\/uploads\/2022\/07\/img-2.png\" alt=\"\" class=\"wp-image-567\" srcset=\"https:\/\/nlp.pef.mendelu.cz\/wp-content\/uploads\/2022\/07\/img-2.png 400w, https:\/\/nlp.pef.mendelu.cz\/wp-content\/uploads\/2022\/07\/img-2-300x300.png 300w, https:\/\/nlp.pef.mendelu.cz\/wp-content\/uploads\/2022\/07\/img-2-150x150.png 150w\" sizes=\"auto, (max-width: 400px) 100vw, 400px\" \/><\/figure><\/div>\n\n\n\n<h4 class=\"wp-block-heading\" id=\"tereza-dohnalova\">Jan P\u0159ichystal<\/h4>\n\n\n\n<p><\/p>\n<\/div>\n\n\n\n<div class=\"wp-block-column is-vertically-aligned-center is-layout-flow wp-block-column-is-layout-flow\">\n<div class=\"wp-block-image is-style-default\"><figure class=\"aligncenter size-full\"><img loading=\"lazy\" decoding=\"async\" width=\"400\" height=\"400\" src=\"http:\/\/nlp.pef.mendelu.cz\/wp-content\/uploads\/2022\/07\/img-11.png\" alt=\"\" class=\"wp-image-576\" srcset=\"https:\/\/nlp.pef.mendelu.cz\/wp-content\/uploads\/2022\/07\/img-11.png 400w, https:\/\/nlp.pef.mendelu.cz\/wp-content\/uploads\/2022\/07\/img-11-300x300.png 300w, https:\/\/nlp.pef.mendelu.cz\/wp-content\/uploads\/2022\/07\/img-11-150x150.png 150w\" sizes=\"auto, (max-width: 400px) 100vw, 400px\" \/><\/figure><\/div>\n\n\n\n<h4 class=\"wp-block-heading\" id=\"tereza-dohnalova\">Tereza Dohnalov\u00e1<\/h4>\n\n\n\n<p><\/p>\n<\/div>\n\n\n\n<div class=\"wp-block-column is-vertically-aligned-center is-layout-flow wp-block-column-is-layout-flow\">\n<div class=\"wp-block-image is-style-default\"><figure class=\"aligncenter size-full\"><img loading=\"lazy\" decoding=\"async\" width=\"400\" height=\"400\" src=\"http:\/\/nlp.pef.mendelu.cz\/wp-content\/uploads\/2022\/07\/img-7.png\" alt=\"\" class=\"wp-image-572\" srcset=\"https:\/\/nlp.pef.mendelu.cz\/wp-content\/uploads\/2022\/07\/img-7.png 400w, https:\/\/nlp.pef.mendelu.cz\/wp-content\/uploads\/2022\/07\/img-7-300x300.png 300w, https:\/\/nlp.pef.mendelu.cz\/wp-content\/uploads\/2022\/07\/img-7-150x150.png 150w\" sizes=\"auto, (max-width: 400px) 100vw, 400px\" \/><\/figure><\/div>\n\n\n\n<h4 class=\"wp-block-heading\" id=\"tereza-dohnalova\">Tom\u00e1\u0161 Jak\u00fabek<\/h4>\n\n\n\n<p><\/p>\n<\/div>\n\n\n\n<div class=\"wp-block-column is-vertically-aligned-center is-layout-flow wp-block-column-is-layout-flow\">\n<div class=\"wp-block-image is-style-default\"><figure class=\"aligncenter size-full\"><img loading=\"lazy\" decoding=\"async\" width=\"400\" height=\"400\" src=\"http:\/\/nlp.pef.mendelu.cz\/wp-content\/uploads\/2022\/07\/img-4.png\" alt=\"\" class=\"wp-image-569\" srcset=\"https:\/\/nlp.pef.mendelu.cz\/wp-content\/uploads\/2022\/07\/img-4.png 400w, https:\/\/nlp.pef.mendelu.cz\/wp-content\/uploads\/2022\/07\/img-4-300x300.png 300w, https:\/\/nlp.pef.mendelu.cz\/wp-content\/uploads\/2022\/07\/img-4-150x150.png 150w\" sizes=\"auto, (max-width: 400px) 100vw, 400px\" \/><\/figure><\/div>\n\n\n\n<h4 class=\"wp-block-heading\" id=\"tereza-dohnalova\">Jarek  Landa<\/h4>\n\n\n\n<p><\/p>\n<\/div>\n<\/div>\n\n\n\n<div class=\"wp-block-columns is-layout-flex wp-container-core-columns-is-layout-3 wp-block-columns-is-layout-flex\">\n<div class=\"wp-block-column is-vertically-aligned-center is-layout-flow wp-block-column-is-layout-flow\">\n<div class=\"wp-block-image is-style-default\"><figure class=\"aligncenter size-full\"><img loading=\"lazy\" decoding=\"async\" width=\"400\" height=\"400\" src=\"http:\/\/nlp.pef.mendelu.cz\/wp-content\/uploads\/2022\/07\/img-9.png\" alt=\"\" class=\"wp-image-574\" srcset=\"https:\/\/nlp.pef.mendelu.cz\/wp-content\/uploads\/2022\/07\/img-9.png 400w, https:\/\/nlp.pef.mendelu.cz\/wp-content\/uploads\/2022\/07\/img-9-300x300.png 300w, https:\/\/nlp.pef.mendelu.cz\/wp-content\/uploads\/2022\/07\/img-9-150x150.png 150w\" sizes=\"auto, (max-width: 400px) 100vw, 400px\" \/><\/figure><\/div>\n\n\n\n<h4 class=\"wp-block-heading\" id=\"tereza-dohnalova\">Michal Mikula<\/h4>\n\n\n\n<p><\/p>\n<\/div>\n\n\n\n<div class=\"wp-block-column is-layout-flow wp-block-column-is-layout-flow\">\n<div class=\"wp-block-image is-style-default\"><figure class=\"aligncenter size-full\"><img loading=\"lazy\" decoding=\"async\" width=\"400\" height=\"400\" src=\"http:\/\/nlp.pef.mendelu.cz\/wp-content\/uploads\/2022\/07\/img-10.png\" alt=\"\" class=\"wp-image-575\" srcset=\"https:\/\/nlp.pef.mendelu.cz\/wp-content\/uploads\/2022\/07\/img-10.png 400w, https:\/\/nlp.pef.mendelu.cz\/wp-content\/uploads\/2022\/07\/img-10-300x300.png 300w, https:\/\/nlp.pef.mendelu.cz\/wp-content\/uploads\/2022\/07\/img-10-150x150.png 150w\" sizes=\"auto, (max-width: 400px) 100vw, 400px\" \/><\/figure><\/div>\n\n\n\n<h4 class=\"wp-block-heading\" id=\"tereza-dohnalova\">Martin Kuc\u00edn<\/h4>\n\n\n\n<p><\/p>\n<\/div>\n\n\n\n<div class=\"wp-block-column is-layout-flow wp-block-column-is-layout-flow\">\n<div class=\"wp-block-image is-style-default\"><figure class=\"aligncenter size-full\"><img loading=\"lazy\" decoding=\"async\" width=\"400\" height=\"400\" src=\"http:\/\/nlp.pef.mendelu.cz\/wp-content\/uploads\/2022\/07\/img-6.png\" alt=\"\" class=\"wp-image-571\" srcset=\"https:\/\/nlp.pef.mendelu.cz\/wp-content\/uploads\/2022\/07\/img-6.png 400w, https:\/\/nlp.pef.mendelu.cz\/wp-content\/uploads\/2022\/07\/img-6-300x300.png 300w, https:\/\/nlp.pef.mendelu.cz\/wp-content\/uploads\/2022\/07\/img-6-150x150.png 150w\" sizes=\"auto, (max-width: 400px) 100vw, 400px\" \/><\/figure><\/div>\n\n\n\n<h4 class=\"wp-block-heading\" id=\"tereza-dohnalova\">Vladim\u00edr Vacula<\/h4>\n\n\n\n<p><\/p>\n<\/div>\n\n\n\n<div class=\"wp-block-column is-layout-flow wp-block-column-is-layout-flow\">\n<div class=\"wp-block-image is-style-default\"><figure class=\"aligncenter size-full\"><img loading=\"lazy\" decoding=\"async\" width=\"400\" height=\"400\" src=\"http:\/\/nlp.pef.mendelu.cz\/wp-content\/uploads\/2022\/07\/img-3.png\" alt=\"\" class=\"wp-image-568\" srcset=\"https:\/\/nlp.pef.mendelu.cz\/wp-content\/uploads\/2022\/07\/img-3.png 400w, https:\/\/nlp.pef.mendelu.cz\/wp-content\/uploads\/2022\/07\/img-3-300x300.png 300w, https:\/\/nlp.pef.mendelu.cz\/wp-content\/uploads\/2022\/07\/img-3-150x150.png 150w\" sizes=\"auto, (max-width: 400px) 100vw, 400px\" \/><\/figure><\/div>\n\n\n\n<h4 class=\"wp-block-heading\" id=\"tereza-dohnalova\">Roman Valovi\u010d<\/h4>\n\n\n\n<p><\/p>\n<\/div>\n<\/div>\n\n\n\n<div class=\"wp-block-columns is-layout-flex wp-container-core-columns-is-layout-4 wp-block-columns-is-layout-flex\">\n<div class=\"wp-block-column is-layout-flow wp-block-column-is-layout-flow\">\n<div class=\"wp-block-image is-style-default\"><figure class=\"aligncenter size-full\"><img loading=\"lazy\" decoding=\"async\" width=\"400\" height=\"400\" src=\"http:\/\/nlp.pef.mendelu.cz\/wp-content\/uploads\/2022\/07\/img-5.png\" alt=\"\" class=\"wp-image-570\" srcset=\"https:\/\/nlp.pef.mendelu.cz\/wp-content\/uploads\/2022\/07\/img-5.png 400w, https:\/\/nlp.pef.mendelu.cz\/wp-content\/uploads\/2022\/07\/img-5-300x300.png 300w, https:\/\/nlp.pef.mendelu.cz\/wp-content\/uploads\/2022\/07\/img-5-150x150.png 150w\" sizes=\"auto, (max-width: 400px) 100vw, 400px\" \/><\/figure><\/div>\n\n\n\n<h4 class=\"wp-block-heading\" id=\"tereza-dohnalova\">Jan   Vav\u0159ina<\/h4>\n\n\n\n<p><\/p>\n<\/div>\n\n\n\n<div class=\"wp-block-column is-layout-flow wp-block-column-is-layout-flow\">\n<div class=\"wp-block-image is-style-default\"><figure class=\"aligncenter size-medium\"><img decoding=\"async\" src=\"http:\/\/localhost\/wp2\/wp-content\/uploads\/2022\/02\/Personal-pic-294x300.png\" alt=\"\" class=\"wp-image-122\"\/><\/figure><\/div>\n\n\n\n<h4 class=\"wp-block-heading\" id=\"tereza-dohnalova\">Pavel Tur\u010d\u00ednek<\/h4>\n\n\n\n<p><\/p>\n<\/div>\n\n\n\n<div class=\"wp-block-column is-layout-flow wp-block-column-is-layout-flow\">\n<div class=\"wp-block-image is-style-default\"><figure class=\"aligncenter size-medium\"><img decoding=\"async\" src=\"http:\/\/localhost\/wp2\/wp-content\/uploads\/2022\/02\/Personal-pic-294x300.png\" alt=\"\" class=\"wp-image-122\"\/><\/figure><\/div>\n\n\n\n<h4 class=\"wp-block-heading\" id=\"tereza-dohnalova\">Franti\u0161ek Da\u0159ena<\/h4>\n\n\n\n<p><\/p>\n<\/div>\n\n\n\n<div class=\"wp-block-column is-layout-flow wp-block-column-is-layout-flow\"><\/div>\n<\/div>\n<\/div><\/div>\n<\/div>\n\n\n\n<div class=\"wp-block-column is-layout-flow wp-block-column-is-layout-flow\" style=\"flex-basis:10%\"><\/div>\n<\/div>\n<\/div><\/div>\n\n\n\n<div class=\"wp-block-columns is-layout-flex wp-container-core-columns-is-layout-6 wp-block-columns-is-layout-flex\">\n<div class=\"wp-block-column is-layout-flow wp-block-column-is-layout-flow\" style=\"flex-basis:20%\"><\/div>\n\n\n\n<div class=\"wp-block-column is-layout-flow wp-block-column-is-layout-flow\" style=\"flex-basis:60%\">\n<div class=\"wp-block-group\"><div class=\"wp-block-group__inner-container is-layout-flow wp-block-group-is-layout-flow\">\n<h4 class=\"wp-block-heading\" id=\"clenove\">B\u00fdval\u00ed \u010dlenov\u00e9<\/h4>\n\n\n\n<ul class=\"wp-block-list\"><li>Ji\u0159\u00ed L\u00fdsek<\/li><li>David Schubert<\/li><li>Tom\u00e1\u0161 Vor\u00e1\u010d<\/li><li>Ond\u0159ej \u0160vehla<\/li><li>Anna Dragolovov\u00e1<\/li><li>Petra \u0160\u0165astn\u00e1<\/li><li>Lucia Hamarov\u00e1<\/li><li>Peter Chochula<\/li><\/ul>\n<\/div><\/div>\n<\/div>\n\n\n\n<div class=\"wp-block-column is-layout-flow wp-block-column-is-layout-flow\" style=\"flex-basis:20%\"><\/div>\n<\/div>\n<\/div><\/div>\n","protected":false},"excerpt":{"rendered":"<p>Jsme pracovn\u00ed skupina v\u011bnuj\u00edc\u00ed se problematice zpracov\u00e1n\u00ed p\u0159irozen\u00e9ho jazyka. Zam\u011b\u0159ujeme se na s\u00e9mantick\u00e9 zpracov\u00e1n\u00ed elektronick\u00fdch textov\u00fdch dat vytvo\u0159en\u00fdch v p\u0159irozen\u00fdch [&hellip;]<\/p>\n","protected":false},"author":1,"featured_media":0,"parent":0,"menu_order":0,"comment_status":"closed","ping_status":"closed","template":"","meta":{"footnotes":""},"class_list":["post-361","page","type-page","status-publish","hentry"],"_links":{"self":[{"href":"https:\/\/nlp.pef.mendelu.cz\/index.php\/wp-json\/wp\/v2\/pages\/361","targetHints":{"allow":["GET"]}}],"collection":[{"href":"https:\/\/nlp.pef.mendelu.cz\/index.php\/wp-json\/wp\/v2\/pages"}],"about":[{"href":"https:\/\/nlp.pef.mendelu.cz\/index.php\/wp-json\/wp\/v2\/types\/page"}],"author":[{"embeddable":true,"href":"https:\/\/nlp.pef.mendelu.cz\/index.php\/wp-json\/wp\/v2\/users\/1"}],"replies":[{"embeddable":true,"href":"https:\/\/nlp.pef.mendelu.cz\/index.php\/wp-json\/wp\/v2\/comments?post=361"}],"version-history":[{"count":10,"href":"https:\/\/nlp.pef.mendelu.cz\/index.php\/wp-json\/wp\/v2\/pages\/361\/revisions"}],"predecessor-version":[{"id":578,"href":"https:\/\/nlp.pef.mendelu.cz\/index.php\/wp-json\/wp\/v2\/pages\/361\/revisions\/578"}],"wp:attachment":[{"href":"https:\/\/nlp.pef.mendelu.cz\/index.php\/wp-json\/wp\/v2\/media?parent=361"}],"curies":[{"name":"wp","href":"https:\/\/api.w.org\/{rel}","templated":true}]}}