{"id":366,"date":"2022-06-17T09:00:30","date_gmt":"2022-06-17T09:00:30","guid":{"rendered":"https:\/\/nlp.pef.mendelu.cz\/?page_id=366"},"modified":"2024-04-19T08:44:12","modified_gmt":"2024-04-19T08:44:12","slug":"projekty-a-publikace","status":"publish","type":"page","link":"https:\/\/nlp.pef.mendelu.cz\/index.php\/projekty-a-publikace\/","title":{"rendered":"Projekty a Publikace"},"content":{"rendered":"\n<div class=\"wp-block-columns is-layout-flex wp-container-core-columns-is-layout-2 wp-block-columns-is-layout-flex\">\n<div class=\"wp-block-column is-layout-flow wp-block-column-is-layout-flow\" style=\"flex-basis:100%\">\n<div class=\"wp-block-columns is-layout-flex wp-container-core-columns-is-layout-1 wp-block-columns-is-layout-flex\">\n<div class=\"wp-block-column is-vertically-aligned-center is-layout-flow wp-block-column-is-layout-flow\" style=\"flex-basis:100%\"><\/div>\n<\/div>\n<\/div>\n<\/div>\n\n\n\n<div class=\"wp-block-group\"><div class=\"wp-block-group__inner-container is-layout-flow wp-block-group-is-layout-flow\">\n<div class=\"wp-block-columns is-layout-flex wp-container-core-columns-is-layout-3 wp-block-columns-is-layout-flex\">\n<div class=\"wp-block-column is-layout-flow wp-block-column-is-layout-flow\" style=\"flex-basis:15%\"><\/div>\n\n\n\n<div class=\"wp-block-column is-layout-flow wp-block-column-is-layout-flow\" style=\"flex-basis:70%\">\n<div class=\"wp-block-group\"><div class=\"wp-block-group__inner-container is-layout-flow wp-block-group-is-layout-flow\">\n<h3 class=\"has-primary-color has-text-color wp-block-heading\" id=\"projekty-operacniho-programu-podnikani-a-inovace-pro-konkurenceschopnost\">Technologick\u00e1 agentura \u010cesk\u00e9 republiky (TA\u010cR)<\/h3>\n\n\n\n<h5 class=\"has-grey-color has-text-color wp-block-heading\">P\u0159ichystal, J., TA\u010cR Trend FW10010194, Um\u011bl\u00e1 inteligence pro geoloka\u010dn\u00ed projekty &#8211; ChatBot, 2024-2026, 18,7 mil. K\u010d<\/h5>\n\n\n\n<h3 class=\"has-primary-color has-text-color wp-block-heading\" id=\"projekty-operacniho-programu-podnikani-a-inovace-pro-konkurenceschopnost\">Projekty opera\u010dn\u00edho programu Podnik\u00e1n\u00ed a inovace pro konkurenceschopnost<\/h3>\n\n\n\n<h5 class=\"has-grey-color has-text-color wp-block-heading\">P\u0159ichystal, J.: Analytical Platform 2.0. \u2013 platforma pro automatizovanou spr\u00e1vu portfolia s vyu\u017eit\u00edm u\u010d\u00edc\u00edch se syst\u00e9m\u016f, 2023-2025, 35 mil. K\u010d<\/h5>\n\n\n\n<h5 class=\"has-grey-color has-text-color wp-block-heading\" id=\"prichystal-j-cz-01-1-02-0-0-0-0-17-176-0015722-data-processing-software-2020-2022-47-3-mil-kc\">P\u0159ichystal, J.: (CZ.01.1.02\/0.0\/0.0\/17_176\/0015722) Data processing software, 2020-2022, 47,3 mil. K\u010d<\/h5>\n\n\n\n<h5 class=\"has-grey-color has-text-color wp-block-heading\" id=\"prichystal-j-cz-01-1-02-0-0-0-0-16-084-0010315-multicriterial-text-analysis-software-2018-2020-32-5-mil-kc\">P\u0159ichystal, J.: (CZ.01.1.02\/0.0\/0.0\/16_084\/0010315) Multicriterial Text Analysis Software, 2018-2020, 32,5 mil. K\u010d<\/h5>\n\n\n\n<h5 class=\"has-grey-color has-text-color wp-block-heading\" id=\"prichystal-j-cz-01-1-02-0-0-0-0-16-084-0010365-sqtrader-vyzkum-a-vyvoj-optimalizacnich-reseni-pri-sprave-aktiv-2018-2020-41-2-mil-kc\">P\u0159ichystal, J.: (CZ.01.1.02\/0.0\/0.0\/16_084\/0010365) SQTrader &#8211; v\u00fdzkum a v\u00fdvoj optimaliza\u010dn\u00edch \u0159e\u0161en\u00ed p\u0159i spr\u00e1v\u011b aktiv, 2018-2020, 41,2 mil. K\u010d<\/h5>\n\n\n\n<h5 class=\"has-grey-color has-text-color wp-block-heading\" id=\"prichystal-j-cz-01-1-02-0-0-0-0-15-019-0005064-vyzkum-parovaciho-jadra-a-vyvoj-eqs-software-2017-2018-1-8-mil-kc\">P\u0159ichystal, J.: (CZ.01.1.02\/0.0\/0.0\/15_019\/0005064) V\u00fdzkum p\u00e1rovac\u00edho j\u00e1dra a v\u00fdvoj EQS software, 2017-2018, 1,8 mil. K\u010d<\/h5>\n<\/div><\/div>\n<\/div>\n\n\n\n<div class=\"wp-block-column is-layout-flow wp-block-column-is-layout-flow\" style=\"flex-basis:15%\"><\/div>\n<\/div>\n\n\n\n<hr class=\"wp-block-separator is-style-dots\"\/>\n\n\n\n<div style=\"height:25px\" aria-hidden=\"true\" class=\"wp-block-spacer\"><\/div>\n\n\n\n<div class=\"wp-block-columns is-layout-flex wp-container-core-columns-is-layout-4 wp-block-columns-is-layout-flex\">\n<div class=\"wp-block-column is-layout-flow wp-block-column-is-layout-flow\" style=\"flex-basis:15%\"><\/div>\n\n\n\n<div class=\"wp-block-column is-layout-flow wp-block-column-is-layout-flow\" style=\"flex-basis:70%\">\n<div class=\"wp-block-group\"><div class=\"wp-block-group__inner-container is-layout-flow wp-block-group-is-layout-flow\">\n<h3 class=\"has-primary-color has-text-color wp-block-heading\" id=\"inovacni-vouchery-ministerstva-prumyslu-a-obchodu\">Inova\u010dn\u00ed vouchery Ministerstva pr\u016fmyslu a obchodu<\/h3>\n\n\n\n<h5 class=\"has-grey-color has-text-color wp-block-heading\" id=\"prichystal-j-analyticky-software-pro-ziskavani-informaci-o-dodavatelich-eu-legal-advisory-s-r-o-2017-334-tis-kc\">P\u0159ichystal, J.: Analytick\u00fd software pro z\u00edsk\u00e1v\u00e1n\u00ed informac\u00ed o dodavatel\u00edch (EU LEGAL Advisory, s.r.o.), 2017, 334 tis. K\u010d<\/h5>\n\n\n\n<h5 class=\"has-grey-color has-text-color wp-block-heading\" id=\"prichystal-j-vyvoj-unikatniho-softwaru-pro-parovani-vicejazycnych-nabidek-a-pozadavku-cyrrus-advisory-a-s-2016-2017-363-tis-kc\">P\u0159ichystal, J.: V\u00fdvoj unik\u00e1tn\u00edho softwaru pro p\u00e1rov\u00e1n\u00ed v\u00edcejazy\u010dn\u00fdch nab\u00eddek a po\u017eadavk\u016f (Cyrrus Advisory, a.s.), 2016-2017, 363 tis. K\u010d<\/h5>\n<\/div><\/div>\n<\/div>\n\n\n\n<div class=\"wp-block-column is-layout-flow wp-block-column-is-layout-flow\" style=\"flex-basis:15%\"><\/div>\n<\/div>\n\n\n\n<hr class=\"wp-block-separator is-style-dots\"\/>\n\n\n\n<div style=\"height:25px\" aria-hidden=\"true\" class=\"wp-block-spacer\"><\/div>\n\n\n\n<div class=\"wp-block-columns is-layout-flex wp-container-core-columns-is-layout-5 wp-block-columns-is-layout-flex\">\n<div class=\"wp-block-column is-layout-flow wp-block-column-is-layout-flow\" style=\"flex-basis:15%\"><\/div>\n\n\n\n<div class=\"wp-block-column is-layout-flow wp-block-column-is-layout-flow\" style=\"flex-basis:70%\">\n<div class=\"wp-block-group\"><div class=\"wp-block-group__inner-container is-layout-flow wp-block-group-is-layout-flow\">\n<h3 class=\"has-primary-color has-text-color wp-block-heading\" id=\"inovacni-vouchery-ministerstva-prumyslu-a-obchodu\">Smluvn\u00ed v\u00fdzkum<\/h3>\n\n\n\n<h5 class=\"has-grey-color has-text-color wp-block-heading\" id=\"prichystal-j-analyticky-software-pro-ziskavani-informaci-o-dodavatelich-eu-legal-advisory-s-r-o-2017-334-tis-kc\">P\u0159ichystal, J.: Prototyp syst\u00e9mu pro v\u00fdb\u011br dodavatel\u016f na z\u00e1klad\u011b po\u017eadavk\u016f u\u017eivatel\u016f (CYRRUS Advisory, a.s.), 2015-2016, 295 tis. K\u010d<\/h5>\n<\/div><\/div>\n<\/div>\n\n\n\n<div class=\"wp-block-column is-layout-flow wp-block-column-is-layout-flow\" style=\"flex-basis:15%\"><\/div>\n<\/div>\n\n\n\n<hr class=\"wp-block-separator is-style-dots\"\/>\n\n\n\n<div style=\"height:25px\" aria-hidden=\"true\" class=\"wp-block-spacer\"><\/div>\n\n\n\n<div class=\"wp-block-columns is-layout-flex wp-container-core-columns-is-layout-6 wp-block-columns-is-layout-flex\">\n<div class=\"wp-block-column is-layout-flow wp-block-column-is-layout-flow\" style=\"flex-basis:15%\"><\/div>\n\n\n\n<div class=\"wp-block-column is-layout-flow wp-block-column-is-layout-flow\" style=\"flex-basis:70%\">\n<h3 class=\"has-primary-color has-text-color wp-block-heading\" id=\"publikace\">Publikace<\/h3>\n\n\n\n<div class=\"wp-block-group has-background\" style=\"background:linear-gradient(135deg,rgb(238,238,238) 0%,rgb(241,241,241) 0%)\"><div class=\"wp-block-group__inner-container is-layout-flow wp-block-group-is-layout-flow\">\n<ul class=\"wp-block-list\"><li>P\u0159ichystal J., Fuchs J., Da\u0159ena F., Koubek T., L\u00fdsek J., Proch\u00e1zka D., Tur\u010d\u00ednek P., Vyb\u00edral D., Z\u00eddek K: The system for selecting suppliers based on user requirements. In Kapounek, Kr\u016ftilov\u00e1 Enterprise and Competitive Environment 2017: Conference Proceedings. 1. vyd. Brno: Mendelova univerzita v Brn\u011b, 2017, s. 673-682. ISBN 978-80-7509-499-5<\/li><\/ul>\n\n\n\n<ul class=\"wp-block-list\"><li>Landa, J. P\u0159ichystal, J. Mobile application Opinio:Working paper [online], Available at: <strong>&nbsp;<\/strong><a href=\"https:\/\/akela.mendelu.cz\/~jprich\/prichystal-opinio.pdf\">https:\/\/akela.mendelu.cz\/~jprich\/prichystal-opinio.pdf<\/a><\/li><\/ul>\n\n\n\n<ul class=\"wp-block-list\"><li>Chochula, P.: Summarization of Documents Focused on Financial Markets. In HAMPEL, Vr\u00e1nov\u00e1 PEFnet 2021: Abstracts. 1. vyd. Brno: Mendelova univerzita v Brn\u011b, 2021, s. 37\u201338. ISBN 978-80-7509-811-5.<\/li><\/ul>\n\n\n\n<ul class=\"wp-block-list\"><li>Valovi\u010d, R. \u0160\u0165astn\u00e1, P.: Sentiment Analysis of Financial News. In HAMPEL, Vr\u00e1nov\u00e1 PEFnet 2021: Abstracts. 1. vyd. Brno: Mendelova univerzita v Brn\u011b, 2021, s. 137\u2013138. ISBN 978-80-7509-811-5.<\/li><\/ul>\n\n\n\n<ul class=\"wp-block-list\"><li>Jak\u00fabek, T. Valovi\u010d, R. P\u0159ichystal, J.: Summarization of Financial Articles. In Solilov\u00e1, Vr\u00e1nov\u00e1 Economic Competitiveness and Sustainability 2022: Abstracts. 1. vyd. Brno: Mendelova univerzita v Brn\u011b, 2022, s. 18-19. ISBN 978-80-7509-826-9 (<a href=\"https:\/\/akela.mendelu.cz\/~jprich\/prichystal-sfa.pdf\">Working paper<\/a>)<\/li><\/ul>\n\n\n\n<ul class=\"wp-block-list\"><li>P\u0159ichystal, J. Jak\u00fabek, T. Valovi\u010d, R. NLP Studio. In: 25th International Conference Economic Competitiveness and Sustainability: Abstracts . Brno: Mendelova univerzita v Brn\u011b, 45. ISBN 978-80-7509-912-9. (<a rel=\"noreferrer noopener\" href=\"https:\/\/akela.mendelu.cz\/~jprich\/prichystal-NLPstudio.pdf\" target=\"_blank\">Working paper<\/a>)<\/li><\/ul>\n\n\n\n<ul class=\"wp-block-list\"><li>P\u0159ichystal, J. Valovi\u010d, R. Analytical Platform. In: 26th International Conference Economic Competitiveness and Sustainability: Abstracts . Brno: Mendelova univerzita v Brn\u011b, 43. ISBN 978-80-7509-971-6.<\/li><\/ul>\n<\/div><\/div>\n<\/div>\n\n\n\n<div class=\"wp-block-column is-layout-flow wp-block-column-is-layout-flow\" style=\"flex-basis:15%\"><\/div>\n<\/div>\n<\/div><\/div>\n","protected":false},"excerpt":{"rendered":"<p>Technologick\u00e1 agentura \u010cesk\u00e9 republiky (TA\u010cR) P\u0159ichystal, J., TA\u010cR Trend FW10010194, Um\u011bl\u00e1 inteligence pro geoloka\u010dn\u00ed projekty &#8211; ChatBot, 2024-2026, 18,7 mil. [&hellip;]<\/p>\n","protected":false},"author":1,"featured_media":0,"parent":0,"menu_order":0,"comment_status":"closed","ping_status":"closed","template":"","meta":{"footnotes":""},"class_list":["post-366","page","type-page","status-publish","hentry"],"_links":{"self":[{"href":"https:\/\/nlp.pef.mendelu.cz\/index.php\/wp-json\/wp\/v2\/pages\/366","targetHints":{"allow":["GET"]}}],"collection":[{"href":"https:\/\/nlp.pef.mendelu.cz\/index.php\/wp-json\/wp\/v2\/pages"}],"about":[{"href":"https:\/\/nlp.pef.mendelu.cz\/index.php\/wp-json\/wp\/v2\/types\/page"}],"author":[{"embeddable":true,"href":"https:\/\/nlp.pef.mendelu.cz\/index.php\/wp-json\/wp\/v2\/users\/1"}],"replies":[{"embeddable":true,"href":"https:\/\/nlp.pef.mendelu.cz\/index.php\/wp-json\/wp\/v2\/comments?post=366"}],"version-history":[{"count":13,"href":"https:\/\/nlp.pef.mendelu.cz\/index.php\/wp-json\/wp\/v2\/pages\/366\/revisions"}],"predecessor-version":[{"id":617,"href":"https:\/\/nlp.pef.mendelu.cz\/index.php\/wp-json\/wp\/v2\/pages\/366\/revisions\/617"}],"wp:attachment":[{"href":"https:\/\/nlp.pef.mendelu.cz\/index.php\/wp-json\/wp\/v2\/media?parent=366"}],"curies":[{"name":"wp","href":"https:\/\/api.w.org\/{rel}","templated":true}]}}